{"id":8,"date":"2025-10-09T13:04:32","date_gmt":"2025-10-09T13:04:32","guid":{"rendered":"https:\/\/188betn.io\/?page_id=8"},"modified":"2025-10-10T09:28:20","modified_gmt":"2025-10-10T09:28:20","slug":"188bet","status":"publish","type":"page","link":"https:\/\/188betn.io\/","title":{"rendered":"188BET"},"content":{"rendered":"\t<div class=\"img has-hover x md-x lg-x y md-y lg-y\" id=\"image_1905963237\">\n\t\t\t\t\t\t\t\t<div class=\"img-inner dark\" >\n\t\t\t\t\t\t\t\t\t\n\t\t\t\t\t<\/div>\n\t\t\t\t\t\t\t\t\n<style>\n#image_1905963237 {\n  width: 100%;\n}\n<\/style>\n\t<\/div>\n\t\n\t<div class=\"img has-hover x md-x lg-x y md-y lg-y\" id=\"image_556550812\">\n\t\t\t\t\t\t\t\t<div class=\"img-inner dark\" >\n\t\t\t<img loading=\"lazy\" decoding=\"async\" width=\"1920\" height=\"500\" src=\"https:\/\/188betn.io\/wp-content\/uploads\/2025\/10\/banner-188bet.jpg\" class=\"attachment-original size-original\" alt=\"\" srcset=\"https:\/\/188betn.io\/wp-content\/uploads\/2025\/10\/banner-188bet.jpg 1920w, https:\/\/188betn.io\/wp-content\/uploads\/2025\/10\/banner-188bet-300x78.jpg 300w, https:\/\/188betn.io\/wp-content\/uploads\/2025\/10\/banner-188bet-1024x267.jpg 1024w, https:\/\/188betn.io\/wp-content\/uploads\/2025\/10\/banner-188bet-768x200.jpg 768w, https:\/\/188betn.io\/wp-content\/uploads\/2025\/10\/banner-188bet-1536x400.jpg 1536w\" sizes=\"auto, (max-width: 1920px) 100vw, 1920px\" \/>\t\t\t\t\t\t\n\t\t\t\t\t<\/div>\n\t\t\t\t\t\t\t\t\n<style>\n#image_556550812 {\n  width: 100%;\n}\n<\/style>\n\t<\/div>\n\t\n\n\t<section class=\"section dark\" id=\"section_137561496\">\n\t\t<div class=\"section-bg fill\" >\n\t\t\t\t\t\t\t\t\t<div class=\"section-bg-overlay absolute fill\"><\/div>\n\t\t\t\n\n\t\t<\/div>\n\n\t\t\n\n\t\t<div class=\"section-content relative\">\n\t\t\t\n<div class=\"row\"  id=\"row-178433926\">\n\n\t<div id=\"col-1432445813\" class=\"col small-12 large-12\"  >\n\t\t\t\t<div class=\"col-inner\"  >\n\t\t\t\n\t\t\t\n<h1 style=\"text-align: center;\"><strong>188BET \u2013 Nh\u00e0 C\u00e1i C\u00e1 C\u01b0\u1ee3c Qu\u1ed1c T\u1ebf Uy T\u00edn H\u00e0ng \u0110\u1ea7u Ch\u00e2u \u00c1<\/strong><\/h1>\n<div class=\"text-center\"><div class=\"is-divider divider clearfix\" style=\"max-width:700px;height:2px;background-color:rgb(252, 226, 0);\"><\/div><\/div>\n<blockquote>\n<p>V\u1edbi h\u01a1n 15 n\u0103m ph\u00e1t tri\u1ec3n trong l\u0129nh v\u1ef1c c\u00e1 c\u01b0\u1ee3c tr\u1ef1c tuy\u1ebfn, 188BET kh\u1eb3ng \u0111\u1ecbnh v\u1ecb th\u1ebf l\u00e0 th\u01b0\u01a1ng hi\u1ec7u h\u00e0ng \u0111\u1ea7u t\u1ea1i ch\u00e2u \u00c1 v\u00e0 ch\u00e2u \u00c2u. \u0110\u01b0\u1ee3c c\u1ea5p ph\u00e9p b\u1edfi Isle of Man Gambling Supervision Commission, 188BET mang \u0111\u1ebfn tr\u1ea3i nghi\u1ec7m gi\u1ea3i tr\u00ed minh b\u1ea1ch, an to\u00e0n v\u00e0 \u0111\u1eb3ng c\u1ea5p cho h\u00e0ng tri\u1ec7u ng\u01b0\u1eddi ch\u01a1i to\u00e0n c\u1ea7u.<\/p>\n<\/blockquote>\n<div class=\"row home-content\"  id=\"row-882823176\">\n\n\t<div id=\"col-246228939\" class=\"col home-content small-12 large-12\"  >\n\t\t\t\t<div class=\"col-inner\"  >\n\t\t\t\n\t\t\t\n<p>188BET lu\u00f4n ti\u00ean phong trong c\u00f4ng ngh\u1ec7 c\u00e1 c\u01b0\u1ee3c, v\u1edbi giao di\u1ec7n th\u00e2n thi\u1ec7n, t\u1ed1c \u0111\u1ed9 x\u1eed l\u00fd c\u1ef1c nhanh v\u00e0 t\u1ef7 l\u1ec7 k\u00e8o chu\u1ea9n qu\u1ed1c t\u1ebf. D\u00f9 b\u1ea1n y\u00eau th\u00edch th\u1ec3 thao, casino hay slot game, 188BET lu\u00f4n c\u00f3 l\u1ef1a ch\u1ecdn ho\u00e0n h\u1ea3o d\u00e0nh ri\u00eang cho b\u1ea1n.<\/p>\n\t\t<\/div>\n\t\t\t\t\t<\/div>\n\n\t\n<\/div>\n\t\t<\/div>\n\t\t\t\t\t<\/div>\n\n\t\n<\/div>\n<div class=\"row\"  id=\"row-1784545626\">\n\n\t<div id=\"col-829320752\" class=\"col small-12 large-12\"  >\n\t\t\t\t<div class=\"col-inner\"  >\n\t\t\t\n\t\t\t\n<h3 class=\"accordion_title\">\ud83c\udfaf FAQ \u2013 Gi\u1ea3i \u0110\u00e1p Th\u1eafc M\u1eafc V\u1ec1 Nh\u00e0 C\u00e1i 188BET<\/h3><div class=\"accordion fx-accordion\">\n\t<div id=\"accordion-1232913660\" class=\"accordion-item\">\n\t\t<a id=\"accordion-1232913660-label\" class=\"accordion-title plain\" href=\"#accordion-item-1.-188bet-c\u00f3-ph\u1ea3i-l\u00e0-nh\u00e0-c\u00e1i-uy-t\u00edn-kh\u00f4ng?\" aria-expanded=\"false\" aria-controls=\"accordion-1232913660-content\" >\n\t\t\t<button class=\"toggle\" aria-label=\"Toggle\"><i class=\"icon-angle-down\"><\/i><\/button>\n\t\t\t<span>1. 188BET c\u00f3 ph\u1ea3i l\u00e0 nh\u00e0 c\u00e1i uy t\u00edn kh\u00f4ng?<\/span>\n\t\t<\/a>\n\t\t<div id=\"accordion-1232913660-content\" class=\"accordion-inner\" aria-labelledby=\"accordion-1232913660-label\" >\n\t\t\t\n<p>C\u00f3. 188BET \u0111\u01b0\u1ee3c c\u1ea5p ph\u00e9p ho\u1ea1t \u0111\u1ed9ng h\u1ee3p ph\u00e1p t\u1ea1i ch\u00e2u \u00c2u, ch\u1ecbu s\u1ef1 qu\u1ea3n l\u00fd c\u1ee7a <strong>Isle of Man Gambling Supervision Commission<\/strong>. V\u1edbi h\u01a1n 15 n\u0103m ho\u1ea1t \u0111\u1ed9ng, 188BET l\u00e0 th\u01b0\u01a1ng hi\u1ec7u c\u00e1 c\u01b0\u1ee3c \u0111\u01b0\u1ee3c h\u00e0ng tri\u1ec7u ng\u01b0\u1eddi ch\u01a1i tin t\u01b0\u1edfng nh\u1edd ch\u00ednh s\u00e1ch minh b\u1ea1ch v\u00e0 cam k\u1ebft b\u1ea3o m\u1eadt th\u00f4ng tin tuy\u1ec7t \u0111\u1ed1i.<\/p>\n\t\t<\/div>\n\t<\/div>\n\t\n\t<div id=\"accordion-3106368835\" class=\"accordion-item\">\n\t\t<a id=\"accordion-3106368835-label\" class=\"accordion-title plain\" href=\"#accordion-item-2.-188bet-c\u00f3-l\u1eeba-\u0111\u1ea3o-ng\u01b0\u1eddi-ch\u01a1i-kh\u00f4ng?\" aria-expanded=\"false\" aria-controls=\"accordion-3106368835-content\" >\n\t\t\t<button class=\"toggle\" aria-label=\"Toggle\"><i class=\"icon-angle-down\"><\/i><\/button>\n\t\t\t<span>2. 188BET c\u00f3 l\u1eeba \u0111\u1ea3o ng\u01b0\u1eddi ch\u01a1i kh\u00f4ng?<\/span>\n\t\t<\/a>\n\t\t<div id=\"accordion-3106368835-content\" class=\"accordion-inner\" aria-labelledby=\"accordion-3106368835-label\" >\n\t\t\t\n<p>Kh\u00f4ng. 188BET l\u00e0 nh\u00e0 c\u00e1i qu\u1ed1c t\u1ebf uy t\u00edn, m\u1ecdi ho\u1ea1t \u0111\u1ed9ng \u0111\u1ec1u \u0111\u01b0\u1ee3c ki\u1ec3m to\u00e1n v\u00e0 gi\u00e1m s\u00e1t ch\u1eb7t ch\u1ebd. T\u1ea5t c\u1ea3 k\u1ebft qu\u1ea3 c\u01b0\u1ee3c, giao d\u1ecbch v\u00e0 t\u1ef7 l\u1ec7 k\u00e8o \u0111\u1ec1u c\u00f4ng khai. Ng\u01b0\u1eddi ch\u01a1i n\u00ean truy c\u1eadp \u0111\u00fang link ch\u00ednh th\u1ee9c <strong>188betn.io<\/strong> \u0111\u1ec3 tr\u00e1nh c\u00e1c trang gi\u1ea3 m\u1ea1o.<\/p>\n\t\t<\/div>\n\t<\/div>\n\t\n\t<div id=\"accordion-3246842658\" class=\"accordion-item\">\n\t\t<a id=\"accordion-3246842658-label\" class=\"accordion-title plain\" href=\"#accordion-item-3.-l\u00e0m-th\u1ebf-n\u00e0o-\u0111\u1ec3-\u0111\u0103ng-k\u00fd-t\u00e0i-kho\u1ea3n-t\u1ea1i-188bet?\" aria-expanded=\"false\" aria-controls=\"accordion-3246842658-content\" >\n\t\t\t<button class=\"toggle\" aria-label=\"Toggle\"><i class=\"icon-angle-down\"><\/i><\/button>\n\t\t\t<span>3. L\u00e0m th\u1ebf n\u00e0o \u0111\u1ec3 \u0111\u0103ng k\u00fd t\u00e0i kho\u1ea3n t\u1ea1i 188BET?<\/span>\n\t\t<\/a>\n\t\t<div id=\"accordion-3246842658-content\" class=\"accordion-inner\" aria-labelledby=\"accordion-3246842658-label\" >\n\t\t\t\n<p>Ng\u01b0\u1eddi ch\u01a1i ch\u1ec9 c\u1ea7n truy c\u1eadp trang ch\u1ee7 188BET, ch\u1ecdn m\u1ee5c <strong>\u0110\u0103ng k\u00fd<\/strong>, \u0111i\u1ec1n c\u00e1c th\u00f4ng tin c\u01a1 b\u1ea3n nh\u01b0 t\u00ean \u0111\u0103ng nh\u1eadp, m\u1eadt kh\u1ea9u v\u00e0 email. Sau khi x\u00e1c nh\u1eadn, t\u00e0i kho\u1ea3n s\u1ebd \u0111\u01b0\u1ee3c k\u00edch ho\u1ea1t ngay \u0111\u1ec3 b\u1ea1n c\u00f3 th\u1ec3 b\u1eaft \u0111\u1ea7u \u0111\u1eb7t c\u01b0\u1ee3c v\u00e0 nh\u1eadn th\u01b0\u1edfng.<\/p>\n\t\t<\/div>\n\t<\/div>\n\t\n\t<div id=\"accordion-2185105774\" class=\"accordion-item\">\n\t\t<a id=\"accordion-2185105774-label\" class=\"accordion-title plain\" href=\"#accordion-item-4.-n\u1ea1p-ti\u1ec1n-v\u00e0o-188bet-b\u1eb1ng-c\u00e1ch-n\u00e0o?\" aria-expanded=\"false\" aria-controls=\"accordion-2185105774-content\" >\n\t\t\t<button class=\"toggle\" aria-label=\"Toggle\"><i class=\"icon-angle-down\"><\/i><\/button>\n\t\t\t<span>4. N\u1ea1p ti\u1ec1n v\u00e0o 188BET b\u1eb1ng c\u00e1ch n\u00e0o?<\/span>\n\t\t<\/a>\n\t\t<div id=\"accordion-2185105774-content\" class=\"accordion-inner\" aria-labelledby=\"accordion-2185105774-label\" >\n\t\t\t\n<p>188BET h\u1ed7 tr\u1ee3 nhi\u1ec1u h\u00ecnh th\u1ee9c n\u1ea1p ti\u1ec1n ph\u1ed5 bi\u1ebfn nh\u01b0 <strong>chuy\u1ec3n kho\u1ea3n ng\u00e2n h\u00e0ng, Momo, ZaloPay, QR Pay v\u00e0 th\u1ebb c\u00e0o<\/strong>. Giao d\u1ecbch x\u1eed l\u00fd t\u1ef1 \u0111\u1ed9ng trong v\u00f2ng v\u00e0i gi\u00e2y, \u0111\u1ea3m b\u1ea3o nhanh ch\u00f3ng v\u00e0 b\u1ea3o m\u1eadt t\u1ed1i \u0111a cho ng\u01b0\u1eddi ch\u01a1i.<\/p>\n\t\t<\/div>\n\t<\/div>\n\t\n\t<div id=\"accordion-3892737014\" class=\"accordion-item\">\n\t\t<a id=\"accordion-3892737014-label\" class=\"accordion-title plain\" href=\"#accordion-item-5.-r\u00fat-ti\u1ec1n-t\u1eeb-188bet-c\u00f3-nhanh-kh\u00f4ng?\" aria-expanded=\"false\" aria-controls=\"accordion-3892737014-content\" >\n\t\t\t<button class=\"toggle\" aria-label=\"Toggle\"><i class=\"icon-angle-down\"><\/i><\/button>\n\t\t\t<span>5. R\u00fat ti\u1ec1n t\u1eeb 188BET c\u00f3 nhanh kh\u00f4ng?<\/span>\n\t\t<\/a>\n\t\t<div id=\"accordion-3892737014-content\" class=\"accordion-inner\" aria-labelledby=\"accordion-3892737014-label\" >\n\t\t\t\n<p>C\u00f3. Th\u1eddi gian x\u1eed l\u00fd r\u00fat ti\u1ec1n t\u1ea1i 188BET ch\u1ec9 t\u1eeb <strong>1\u20135 ph\u00fat<\/strong> qua t\u00e0i kho\u1ea3n ng\u00e2n h\u00e0ng n\u1ed9i \u0111\u1ecba. H\u1ec7 th\u1ed1ng t\u1ef1 \u0111\u1ed9ng x\u00e1c nh\u1eadn, \u0111\u1ea3m b\u1ea3o ch\u00ednh x\u00e1c v\u00e0 an to\u00e0n. V\u1edbi c\u00e1c giao d\u1ecbch l\u1edbn, \u0111\u1ed9i ng\u0169 k\u1ef9 thu\u1eadt s\u1ebd ki\u1ec3m tra th\u1ee7 c\u00f4ng \u0111\u1ec3 b\u1ea3o v\u1ec7 ng\u01b0\u1eddi ch\u01a1i.<\/p>\n\t\t<\/div>\n\t<\/div>\n\t\n\t<div id=\"accordion-1172175663\" class=\"accordion-item\">\n\t\t<a id=\"accordion-1172175663-label\" class=\"accordion-title plain\" href=\"#accordion-item-6.-188bet-c\u00f3-nh\u1eefng-tr\u00f2-ch\u01a1i-g\u00ec?\" aria-expanded=\"false\" aria-controls=\"accordion-1172175663-content\" >\n\t\t\t<button class=\"toggle\" aria-label=\"Toggle\"><i class=\"icon-angle-down\"><\/i><\/button>\n\t\t\t<span>6. 188BET c\u00f3 nh\u1eefng tr\u00f2 ch\u01a1i g\u00ec?<\/span>\n\t\t<\/a>\n\t\t<div id=\"accordion-1172175663-content\" class=\"accordion-inner\" aria-labelledby=\"accordion-1172175663-label\" >\n\t\t\t\n<p>Kho tr\u00f2 ch\u01a1i t\u1ea1i 188BET c\u1ef1c k\u1ef3 \u0111a d\u1ea1ng:<\/p>\n<ul>\n<li>\u26bd <strong>C\u01b0\u1ee3c th\u1ec3 thao:<\/strong> B\u00f3ng \u0111\u00e1, b\u00f3ng r\u1ed5, tennis, Esports v\u00e0 nhi\u1ec1u b\u1ed9 m\u00f4n kh\u00e1c v\u1edbi t\u1ef7 l\u1ec7 k\u00e8o chu\u1ea9n qu\u1ed1c t\u1ebf.<\/li>\n<li>\ud83c\udfb0 <strong>Casino tr\u1ef1c tuy\u1ebfn:<\/strong> Baccarat, R\u1ed3ng H\u1ed5, Roulette, Sicbo v\u1edbi dealer xinh \u0111\u1eb9p, ph\u00e1t s\u00f3ng tr\u1ef1c ti\u1ebfp.<\/li>\n<li>\ud83d\udc8e <strong>Slot Game &amp; N\u1ed5 h\u0169:<\/strong> H\u00e0ng tr\u0103m t\u1ef1a game t\u1eeb c\u00e1c nh\u00e0 ph\u00e1t h\u00e0nh n\u1ed5i ti\u1ebfng nh\u01b0 Microgaming, Playtech.<\/li>\n<li>\ud83d\udc1f <strong>B\u1eafn c\u00e1 &amp; Mini game:<\/strong> Gi\u1ea3i tr\u00ed nh\u1eb9 nh\u00e0ng, \u0111\u1ed3 h\u1ecda 3D s\u1ed1ng \u0111\u1ed9ng, d\u1ec5 tr\u00fang th\u01b0\u1edfng.<\/li>\n<\/ul>\n\t\t<\/div>\n\t<\/div>\n\t\n\t<div id=\"accordion-2206725024\" class=\"accordion-item\">\n\t\t<a id=\"accordion-2206725024-label\" class=\"accordion-title plain\" href=\"#accordion-item-7.-t\u00f4i-c\u00f3-th\u1ec3-ch\u01a1i-188bet-tr\u00ean-\u0111i\u1ec7n-tho\u1ea1i-kh\u00f4ng?\" aria-expanded=\"false\" aria-controls=\"accordion-2206725024-content\" >\n\t\t\t<button class=\"toggle\" aria-label=\"Toggle\"><i class=\"icon-angle-down\"><\/i><\/button>\n\t\t\t<span>7. T\u00f4i c\u00f3 th\u1ec3 ch\u01a1i 188BET tr\u00ean \u0111i\u1ec7n tho\u1ea1i kh\u00f4ng?<\/span>\n\t\t<\/a>\n\t\t<div id=\"accordion-2206725024-content\" class=\"accordion-inner\" aria-labelledby=\"accordion-2206725024-label\" >\n\t\t\t\n<p>Ho\u00e0n to\u00e0n \u0111\u01b0\u1ee3c. 188BET c\u00f3 <strong>\u1ee9ng d\u1ee5ng ri\u00eang cho Android v\u00e0 iOS<\/strong>, ngo\u00e0i ra c\u00f2n h\u1ed7 tr\u1ee3 <strong>phi\u00ean b\u1ea3n web mobile<\/strong> c\u1ef1c m\u01b0\u1ee3t. Ng\u01b0\u1eddi ch\u01a1i c\u00f3 th\u1ec3 t\u1ea3i app t\u1ea1i trang ch\u1ee7 <strong>188betn.io<\/strong> ho\u1eb7c truy c\u1eadp tr\u1ef1c ti\u1ebfp \u0111\u1ec3 ch\u01a1i m\u1ecdi l\u00fac, m\u1ecdi n\u01a1i.<\/p>\n\t\t<\/div>\n\t<\/div>\n\t\n\t<div id=\"accordion-446533473\" class=\"accordion-item\">\n\t\t<a id=\"accordion-446533473-label\" class=\"accordion-title plain\" href=\"#accordion-item-8.-188bet-c\u00f3-ch\u01b0\u01a1ng-tr\u00ecnh-khuy\u1ebfn-m\u00e3i-cho-th\u00e0nh-vi\u00ean-m\u1edbi-kh\u00f4ng?\" aria-expanded=\"false\" aria-controls=\"accordion-446533473-content\" >\n\t\t\t<button class=\"toggle\" aria-label=\"Toggle\"><i class=\"icon-angle-down\"><\/i><\/button>\n\t\t\t<span>8. 188BET c\u00f3 ch\u01b0\u01a1ng tr\u00ecnh khuy\u1ebfn m\u00e3i cho th\u00e0nh vi\u00ean m\u1edbi kh\u00f4ng?<\/span>\n\t\t<\/a>\n\t\t<div id=\"accordion-446533473-content\" class=\"accordion-inner\" aria-labelledby=\"accordion-446533473-label\" >\n\t\t\t\n<p>C\u00f3. Th\u00e0nh vi\u00ean m\u1edbi t\u1ea1i 188BET \u0111\u01b0\u1ee3c nh\u1eadn <strong>bonus n\u1ea1p \u0111\u1ea7u l\u00ean \u0111\u1ebfn 200%<\/strong> c\u00f9ng nhi\u1ec1u \u01b0u \u0111\u00e3i kh\u00e1c nh\u01b0 <strong>ho\u00e0n ti\u1ec1n h\u00e0ng tu\u1ea7n, th\u01b0\u1edfng VIP v\u00e0 v\u00f2ng quay may m\u1eafn<\/strong>. C\u00e1c ch\u01b0\u01a1ng tr\u00ecnh khuy\u1ebfn m\u00e3i \u0111\u01b0\u1ee3c c\u1eadp nh\u1eadt th\u01b0\u1eddng xuy\u00ean t\u1ea1i m\u1ee5c <strong>\u01afu \u0111\u00e3i<\/strong> tr\u00ean website.<\/p>\n\t\t<\/div>\n\t<\/div>\n\t\n\t<div id=\"accordion-3398143393\" class=\"accordion-item\">\n\t\t<a id=\"accordion-3398143393-label\" class=\"accordion-title plain\" href=\"#accordion-item-9.-188bet-c\u00f3-h\u1ed7-tr\u1ee3-kh\u00e1ch-h\u00e0ng-24\/7-kh\u00f4ng?\" aria-expanded=\"false\" aria-controls=\"accordion-3398143393-content\" >\n\t\t\t<button class=\"toggle\" aria-label=\"Toggle\"><i class=\"icon-angle-down\"><\/i><\/button>\n\t\t\t<span>9. 188BET c\u00f3 h\u1ed7 tr\u1ee3 kh\u00e1ch h\u00e0ng 24\/7 kh\u00f4ng?<\/span>\n\t\t<\/a>\n\t\t<div id=\"accordion-3398143393-content\" class=\"accordion-inner\" aria-labelledby=\"accordion-3398143393-label\" >\n\t\t\t\n<p>C\u00f3. \u0110\u1ed9i ng\u0169 ch\u0103m s\u00f3c kh\u00e1ch h\u00e0ng 188BET l\u00e0m vi\u1ec7c <strong>24\/7<\/strong>, h\u1ed7 tr\u1ee3 qua <strong>chat tr\u1ef1c tuy\u1ebfn, Telegram, Zalo v\u00e0 Fanpage ch\u00ednh th\u1ee9c<\/strong>. D\u00f9 b\u1ea1n g\u1eb7p v\u1ea5n \u0111\u1ec1 v\u1ec1 giao d\u1ecbch hay t\u00e0i kho\u1ea3n, \u0111\u1ed9i ng\u0169 CSKH lu\u00f4n ph\u1ea3n h\u1ed3i nhanh ch\u00f3ng v\u00e0 chuy\u00ean nghi\u1ec7p.<\/p>\n\t\t<\/div>\n\t<\/div>\n\t\n\t<div id=\"accordion-1563140484\" class=\"accordion-item\">\n\t\t<a id=\"accordion-1563140484-label\" class=\"accordion-title plain\" href=\"#accordion-item-10.-l\u00e0m-sao-\u0111\u1ec3-truy-c\u1eadp-188bet-khi-b\u1ecb-ch\u1eb7n?\" aria-expanded=\"false\" aria-controls=\"accordion-1563140484-content\" >\n\t\t\t<button class=\"toggle\" aria-label=\"Toggle\"><i class=\"icon-angle-down\"><\/i><\/button>\n\t\t\t<span>10. L\u00e0m sao \u0111\u1ec3 truy c\u1eadp 188BET khi b\u1ecb ch\u1eb7n?<\/span>\n\t\t<\/a>\n\t\t<div id=\"accordion-1563140484-content\" class=\"accordion-inner\" aria-labelledby=\"accordion-1563140484-label\" >\n\t\t\t\n<p>N\u1ebfu \u0111\u01b0\u1eddng d\u1eabn b\u1ecb ch\u1eb7n b\u1edfi nh\u00e0 m\u1ea1ng, b\u1ea1n c\u00f3 th\u1ec3:<\/p>\n<ul>\n<li>D\u00f9ng <strong>link d\u1ef1 ph\u00f2ng:<\/strong> 188betn.io ho\u1eb7c 188betn.net<\/li>\n<li>T\u1ea3i <strong>\u1ee9ng d\u1ee5ng 188BET App<\/strong> \u0111\u1ec3 v\u00e0o nhanh, kh\u00f4ng b\u1ecb gi\u1edbi h\u1ea1n.<\/li>\n<\/ul>\n<p>H\u1ec7 th\u1ed1ng c\u1ee7a 188BET s\u1ebd t\u1ef1 \u0111\u1ed9ng c\u1eadp nh\u1eadt link m\u1edbi \u0111\u1ec3 \u0111\u1ea3m b\u1ea3o ng\u01b0\u1eddi ch\u01a1i lu\u00f4n truy c\u1eadp \u1ed5n \u0111\u1ecbnh v\u00e0 an to\u00e0n.<\/p>\n\t\t<\/div>\n\t<\/div>\n\t\n<\/div>\n\t\t<\/div>\n\t\t\t\t\t<\/div>\n\n\t\n<\/div>\n<div class=\"row home-content\"  id=\"row-1176638240\">\n\n\t<div id=\"col-425249650\" class=\"col small-12 large-12\"  >\n\t\t\t\t<div class=\"col-inner\"  >\n\t\t\t\n\t\t\t\n<div class=\"row jess\"  id=\"row-1249518694\">\n\n\t<div id=\"col-655620799\" class=\"col small-12 large-12\"  >\n\t\t\t\t<div class=\"col-inner\"  >\n\t\t\t\n\t\t\t\n\n  \n    <div class=\"row large-columns-3 medium-columns-1 small-columns-1 slider row-slider slider-nav-reveal slider-nav-push\"  data-flickity-options='{&quot;imagesLoaded&quot;: true, &quot;groupCells&quot;: &quot;100%&quot;, &quot;dragThreshold&quot; : 5, &quot;cellAlign&quot;: &quot;left&quot;,&quot;wrapAround&quot;: true,&quot;prevNextButtons&quot;: true,&quot;percentPosition&quot;: true,&quot;pageDots&quot;: false, &quot;rightToLeft&quot;: false, &quot;autoPlay&quot; : false}' >\n\n  <div class=\"col post-item\" >\n\t\t\t<div class=\"col-inner\">\n\t\t\t\t<div class=\"box box-normal box-text-bottom box-blog-post has-hover\">\n          \t\t\t\t\t<div class=\"box-text text-center\" >\n\t\t\t\t\t<div class=\"box-text-inner blog-post-inner\">\n\n\t\t\t\t\t\n\t\t\t\t\t\t\t\t\t\t<h5 class=\"post-title is-large \">\n\t\t\t\t\t\t<a href=\"https:\/\/188betn.io\/index.php\/2025\/10\/09\/hello-world\/\" class=\"plain\">Hello world!<\/a>\n\t\t\t\t\t<\/h5>\n\t\t\t\t\t<div class=\"post-meta is-small op-8\">October 9, 2025<\/div>\t\t\t\t\t<div class=\"is-divider\"><\/div>\n\t\t\t\t\t\t\t\t\t\t<p class=\"from_the_blog_excerpt \">\n\t\t\t\t\t\tWelcome to WordPress. This is your first post. Edit or delete it, then start writing!\t\t\t\t\t<\/p>\n\t\t\t\t\t                                            <p class=\"from_the_blog_comments uppercase is-xsmall\">\n                            1 Comment                        <\/p>\n                    \n\t\t\t\t\t\n\t\t\t\t\t\n\t\t\t\t\t<\/div>\n\t\t\t\t\t<\/div>\n\t\t\t\t\t\t\t\t\t<\/div>\n\t\t\t<\/div>\n\t\t<\/div><\/div>\n\t\t<\/div>\n\t\t\t\t\t<\/div>\n\n\t\n<\/div>\n\t\t<\/div>\n\t\t\t\t\t<\/div>\n\n\t\n<\/div>\n\t\t<\/div>\n\n\t\t\n<style>\n#section_137561496 {\n  padding-top: 30px;\n  padding-bottom: 30px;\n}\n#section_137561496 .section-bg-overlay {\n  background-color: #8b0000;\n}\n<\/style>\n\t<\/section>\n\t\n","protected":false},"excerpt":{"rendered":"","protected":false},"author":1,"featured_media":0,"parent":0,"menu_order":0,"comment_status":"closed","ping_status":"closed","template":"page-blank.php","meta":{"footnotes":""},"class_list":["post-8","page","type-page","status-publish","hentry"],"_links":{"self":[{"href":"https:\/\/188betn.io\/index.php\/wp-json\/wp\/v2\/pages\/8","targetHints":{"allow":["GET"]}}],"collection":[{"href":"https:\/\/188betn.io\/index.php\/wp-json\/wp\/v2\/pages"}],"about":[{"href":"https:\/\/188betn.io\/index.php\/wp-json\/wp\/v2\/types\/page"}],"author":[{"embeddable":true,"href":"https:\/\/188betn.io\/index.php\/wp-json\/wp\/v2\/users\/1"}],"replies":[{"embeddable":true,"href":"https:\/\/188betn.io\/index.php\/wp-json\/wp\/v2\/comments?post=8"}],"version-history":[{"count":4,"href":"https:\/\/188betn.io\/index.php\/wp-json\/wp\/v2\/pages\/8\/revisions"}],"predecessor-version":[{"id":55,"href":"https:\/\/188betn.io\/index.php\/wp-json\/wp\/v2\/pages\/8\/revisions\/55"}],"wp:attachment":[{"href":"https:\/\/188betn.io\/index.php\/wp-json\/wp\/v2\/media?parent=8"}],"curies":[{"name":"wp","href":"https:\/\/api.w.org\/{rel}","templated":true}]}}